{"id":53,"date":"2010-12-22T09:26:25","date_gmt":"2010-12-22T14:26:25","guid":{"rendered":"http:\/\/eglisetroisiemejour.ca\/?page_id=53"},"modified":"2013-02-20T19:27:54","modified_gmt":"2013-02-21T00:27:54","slug":"propos","status":"publish","type":"page","link":"http:\/\/eglisetroisiemejour.ca\/?page_id=53","title":{"rendered":"\u00c0 propos"},"content":{"rendered":"<p><strong><a href=\"#vision\">Notre vision<\/a><br \/>\n<a href=\"#mission\"> Notre mission<\/a><br \/>\n<a href=\"#but\"> Notre but <\/a><a href=\"#equipe\"><br \/>\n<\/a><a href=\"#prophetie\"><\/a><\/strong><\/p>\n<p><a name=\"vision\"><span style=\"color: #000000;\"><strong>Notre Vision<\/strong><\/span><\/a><\/p>\n<p><span style=\"color: #000000;\">L&#8217;\u00c9glise du Troisi\u00e8me Jour sera reconnu localement et nationalement pour une \u00e9glise remplie de la pr\u00e9sence de Dieu. L&#8217;onction du Saint-Esprit se manifestera dans son amour.<\/span><\/p>\n<p><a name=\"mission\"><span style=\"color: #000000;\"><strong>Notre Mission<\/strong><\/span><\/a><\/p>\n<p><span style=\"color: #000000;\">&#8211; Apprendre aux gens \u00e0 prier et ne point se rel\u00e2cher. (Luc11 1;18:1)<\/span><\/p>\n<p><span style=\"color: #000000;\">&#8211; Faire conna\u00eetre J\u00e9sus-Christ comme Sauveur et Seigneur. (Mathieu 16:15)<\/span><\/p>\n<p><span style=\"color: #000000;\">&#8211; Faire des disciple. (mathieu 28:19-20)<\/span><\/p>\n<p><span style=\"color: #000000;\">&#8211; Enseigner et pr\u00e9parer les gens en minist\u00e8re. (\u00c9phesien 4:11-16)<\/span><\/p>\n<p><span style=\"color: #000000;\">&#8211; Apprendre \u00e0 marcher dans l&#8217;onstion. Le fruit de l&#8217;Esprit et ses dons. (Galate 5:22; 1corinthiens 12:1-11)<\/span><\/p>\n<p><span style=\"color: #000000;\">&#8211; Que les signes, les prodiges et les miracles se manifestent pas la parole puissante de dieu. (1 corinthiens 2:4-5; Marc 16:20; Jean 6:2)<\/span><\/p>\n<p><span style=\"color: #000000;\">&#8211; \u00c9tablir des \u00e9glises maisons dans toute la r\u00e9gion.<\/span><\/p>\n<p><span style=\"color: #000000;\">&#8211; R\u00e9tablir les fondements de la famille selon Dieu.<\/span><\/p>\n<p><a name=\"but\"><span style=\"color: #000000;\"><strong>Notre But<\/strong><\/span><\/a><\/p>\n<p><span style=\"color: #000000;\">&#8211; Que le p\u00e8re et le Seigneur j\u00e9sus-Christ soient glorifi\u00e9s.<\/span><\/p>\n<p><span style=\"color: #000000;\">&#8211; Que les gens de la R\u00e9gion et du Qu\u00e9bec soient Sauv\u00e9s.<\/span><\/p>\n<p><span style=\"color: #000000;\">&#8211; Que l&#8217;atmosph\u00e8re sprirituelle change dans cette r\u00e9gion.<\/span><\/p>\n<p><span style=\"color: #000000;\">&#8211; Que les gens soient lib\u00e9r\u00e9s et d\u00e9livr\u00e9s de leurs p\u00e9ch\u00e9s et leurs fardeaux.<\/span><\/p>\n<p><span style=\"color: #000000;\">&#8211; Que les gens reconnaissent leur identit\u00e9 en J\u00e9sus-Christ.<\/span><\/p>\n","protected":false},"excerpt":{"rendered":"<p>Notre vision Notre mission Notre but Notre Vision L&#8217;\u00c9glise du Troisi\u00e8me Jour sera reconnu localement et nationalement pour une \u00e9glise remplie de la pr\u00e9sence de Dieu. L&#8217;onction du Saint-Esprit se manifestera dans son amour. Notre Mission &#8211; Apprendre aux gens &hellip; <a class=\"more-link\" href=\"http:\/\/eglisetroisiemejour.ca\/?page_id=53\">Continue reading <span class=\"meta-nav\">&rarr;<\/span><\/a><\/p>\n","protected":false},"author":1,"featured_media":0,"parent":0,"menu_order":1,"comment_status":"closed","ping_status":"open","template":"","meta":{"footnotes":""},"class_list":["post-53","page","type-page","status-publish","hentry"],"_links":{"self":[{"href":"http:\/\/eglisetroisiemejour.ca\/index.php?rest_route=\/wp\/v2\/pages\/53","targetHints":{"allow":["GET"]}}],"collection":[{"href":"http:\/\/eglisetroisiemejour.ca\/index.php?rest_route=\/wp\/v2\/pages"}],"about":[{"href":"http:\/\/eglisetroisiemejour.ca\/index.php?rest_route=\/wp\/v2\/types\/page"}],"author":[{"embeddable":true,"href":"http:\/\/eglisetroisiemejour.ca\/index.php?rest_route=\/wp\/v2\/users\/1"}],"replies":[{"embeddable":true,"href":"http:\/\/eglisetroisiemejour.ca\/index.php?rest_route=%2Fwp%2Fv2%2Fcomments&post=53"}],"version-history":[{"count":43,"href":"http:\/\/eglisetroisiemejour.ca\/index.php?rest_route=\/wp\/v2\/pages\/53\/revisions"}],"predecessor-version":[{"id":593,"href":"http:\/\/eglisetroisiemejour.ca\/index.php?rest_route=\/wp\/v2\/pages\/53\/revisions\/593"}],"wp:attachment":[{"href":"http:\/\/eglisetroisiemejour.ca\/index.php?rest_route=%2Fwp%2Fv2%2Fmedia&parent=53"}],"curies":[{"name":"wp","href":"https:\/\/api.w.org\/{rel}","templated":true}]}}