{"id":505,"date":"2013-02-20T19:26:00","date_gmt":"2013-02-21T00:26:00","guid":{"rendered":"http:\/\/eglisetroisiemejour.ca\/?page_id=505"},"modified":"2022-05-17T12:16:40","modified_gmt":"2022-05-17T17:16:40","slug":"reunions","status":"publish","type":"page","link":"http:\/\/eglisetroisiemejour.ca\/?page_id=505","title":{"rendered":"R\u00e9unions"},"content":{"rendered":"<p>Tous les dimanches matin \u00e0 10h00; temps de louanges, suivi d&#8217;une pr\u00e9dication<\/p>\n<p>Tous les mercredis soirs \u00e0 19h00; temps de louanges et de pri\u00e8re<\/p>\n","protected":false},"excerpt":{"rendered":"<p>Tous les dimanches matin \u00e0 10h00; temps de louanges, suivi d&#8217;une pr\u00e9dication Tous les mercredis soirs \u00e0 19h00; temps de louanges et de pri\u00e8re<\/p>\n","protected":false},"author":1,"featured_media":0,"parent":0,"menu_order":2,"comment_status":"closed","ping_status":"closed","template":"","meta":{"footnotes":""},"class_list":["post-505","page","type-page","status-publish","hentry"],"_links":{"self":[{"href":"http:\/\/eglisetroisiemejour.ca\/index.php?rest_route=\/wp\/v2\/pages\/505","targetHints":{"allow":["GET"]}}],"collection":[{"href":"http:\/\/eglisetroisiemejour.ca\/index.php?rest_route=\/wp\/v2\/pages"}],"about":[{"href":"http:\/\/eglisetroisiemejour.ca\/index.php?rest_route=\/wp\/v2\/types\/page"}],"author":[{"embeddable":true,"href":"http:\/\/eglisetroisiemejour.ca\/index.php?rest_route=\/wp\/v2\/users\/1"}],"replies":[{"embeddable":true,"href":"http:\/\/eglisetroisiemejour.ca\/index.php?rest_route=%2Fwp%2Fv2%2Fcomments&post=505"}],"version-history":[{"count":5,"href":"http:\/\/eglisetroisiemejour.ca\/index.php?rest_route=\/wp\/v2\/pages\/505\/revisions"}],"predecessor-version":[{"id":1365,"href":"http:\/\/eglisetroisiemejour.ca\/index.php?rest_route=\/wp\/v2\/pages\/505\/revisions\/1365"}],"wp:attachment":[{"href":"http:\/\/eglisetroisiemejour.ca\/index.php?rest_route=%2Fwp%2Fv2%2Fmedia&parent=505"}],"curies":[{"name":"wp","href":"https:\/\/api.w.org\/{rel}","templated":true}]}}