{"id":210,"date":"2011-01-22T19:16:33","date_gmt":"2011-01-23T00:16:33","guid":{"rendered":"http:\/\/eglisetroisiemejour.ca\/?page_id=210"},"modified":"2019-01-12T13:59:09","modified_gmt":"2019-01-12T18:59:09","slug":"qui-est-jesus-2","status":"publish","type":"page","link":"http:\/\/eglisetroisiemejour.ca\/?page_id=210","title":{"rendered":"Qui est J\u00e9sus"},"content":{"rendered":"<p><span style=\"color: #000000;\"><strong>Qui est J\u00e9sus?<\/strong><\/span><\/p>\n<p><span style=\"color: #000000;\"> <\/span><\/p>\n<p><span style=\"color: #000000;\"> <\/span><\/p>\n<p><span style=\"color: #000000;\"><strong>J\u00e9sus a demand\u00e9 la m\u00eame question aux ap\u00f4tres!<\/strong><\/span><\/p>\n<p><span style=\"color: #000000;\"> <\/span><\/p>\n<p><span style=\"color: #000000;\">Et vous leur dit-il, qui dites-vous que je suis?<\/span><\/p>\n<p><span style=\"color: #000000;\">Simon Pierre r\u00e9pondit\u00a0: Tu es le Christ, le Fils du Dieu vivant.<\/span><\/p>\n<p><span style=\"color: #000000;\">(Matthieu 16\u00a0:15-16)<\/span><\/p>\n<p><span style=\"color: #000000;\"> <\/span><\/p>\n<p><span style=\"color: #000000;\"><strong>J\u00e9sus est parfaitement Dieu!<\/strong><\/span><\/p>\n<p><span style=\"color: #000000;\"> <\/span><\/p>\n<p><span style=\"color: #000000;\">Voici, la vierge sera enceinte, elle enfantera un fils, et on lui donnera le nom d\u2019Emmanuel, ce qui signifie Dieu avec nous. (Matthieu 1\u00a0:23)<\/span><\/p>\n<p><span style=\"color: #000000;\"> <\/span><\/p>\n<p><span style=\"color: #000000;\">Le Fils est l\u2019image du Dieu invisible, le premier-n\u00e9 de toute la cr\u00e9ation.<\/span><\/p>\n<p><span style=\"color: #000000;\">(Colossiens 1\u00a0:15)<\/span><\/p>\n<p><span style=\"color: #000000;\"> <\/span><\/p>\n<p><span style=\"color: #000000;\"><strong>J\u00e9sus est parfaitement homme!<\/strong><\/span><\/p>\n<p><span style=\"color: #000000;\"> <\/span><\/p>\n<p><span style=\"color: #000000;\">J\u00e9sus sortit donc, portant la couronne d\u2019\u00e9pines et le manteau de pourpre. Et Pilate dit\u00a0: Voici l\u2019homme. (Jean 19\u00a0:5)<\/span><\/p>\n<p><span style=\"color: #000000;\"> <\/span><\/p>\n<p><span style=\"color: #000000;\">Voici l\u2019agneau de Dieu qui \u00f4te le p\u00e9ch\u00e9 du monde.\u00a0 (Jean 1\u00a0:29)<\/span><\/p>\n<p><span style=\"color: #000000;\"><strong> <\/strong><\/span><\/p>\n<p><span style=\"color: #000000;\"><strong>J\u00e9sus est le sauveur du monde!<\/strong><\/span><\/p>\n<p><span style=\"color: #000000;\"> <\/span><\/p>\n<p><span style=\"color: #000000;\">Car Dieu a tant aim\u00e9 le monde qu\u2019il a donn\u00e9 son Fils unique, afin que quiconque croit en lui ne p\u00e9risse point, mais qu\u2019il ait la vie \u00e9ternelle.<\/span><\/p>\n<p><span style=\"color: #000000;\">(Jean 3\u00a0:16)<\/span><\/p>\n<p><span style=\"color: #000000;\"> <\/span><\/p>\n<p><span style=\"color: #000000;\">Si tu confesses de ta bouche le Seigneur J\u00e9sus, et si tu crois dans ton c\u0153ur que Dieu l\u2019a ressuscit\u00e9 des morts, tu seras sauv\u00e9. (Romains 10\u00a0:9)<\/span><\/p>\n<p><span style=\"color: #000000;\"> <\/span><\/p>\n<p><span style=\"color: #000000;\">Il n\u2019y a de salut en aucun autre; car il n\u2019y a sous le ciel aucun autre nom qui ait \u00e9t\u00e9 donn\u00e9 parmi les hommes, par lequel nous devions \u00eatre sauv\u00e9s.<\/span><\/p>\n<p><span style=\"color: #000000;\">(Actes 4\u00a0:12)<\/span><\/p>\n<p><span style=\"color: #000000;\"> <\/span><\/p>\n<p><span style=\"color: #000000;\"> <\/span><\/p>\n<p><span style=\"color: #000000;\"> <\/span><\/p>\n<p><span style=\"color: #000000;\"> <\/span><\/p>\n<p><span style=\"color: #000000;\"><strong>J\u00e9sus est le seul chemin pour aller au ciel!<\/strong><\/span><\/p>\n<p><span style=\"color: #000000;\"> <\/span><\/p>\n<p><span style=\"color: #000000;\">J\u00e9sus lui dit\u00a0: Je suis le chemin, la v\u00e9rit\u00e9, et la vie. Nul ne va au P\u00e8re que par moi.\u00a0 (Jean 14\u00a0:6)<\/span><\/p>\n<p><span style=\"color: #000000;\"><strong> <\/strong><\/span><\/p>\n<p><span style=\"color: #000000;\"><strong> <\/strong><\/span><\/p>\n<p><span style=\"color: #000000;\"><strong>Nous avons la gu\u00e9rison dans le nom de J\u00e9sus!<\/strong><\/span><\/p>\n<p><span style=\"color: #000000;\"> <\/span><\/p>\n<p><span style=\"color: #000000;\">Voici les miracles qui accompagneront ceux qui auront cru : En mon nom ils imposeront les mains aux malades et les malades seront gu\u00e9ris.\u00a0\u00a0\u00a0\u00a0\u00a0\u00a0\u00a0\u00a0\u00a0\u00a0\u00a0\u00a0\u00a0\u00a0\u00a0 \u00a0\u00a0\u00a0\u00a0\u00a0(Marc 16\u00a0:18)<\/span><\/p>\n<p><span style=\"color: #000000;\"> <\/span><\/p>\n<p><span style=\"color: #000000;\"><strong>J\u00e9sus pourvoit \u00e0 nos besoins!<\/strong><\/span><\/p>\n<p><span style=\"color: #000000;\"> <\/span><\/p>\n<p><span style=\"color: #000000;\">L\u2019Eternel est mon Berger, je ne manquerai de rien. (Psaumes 23\u00a0:1)<\/span><\/p>\n<p><span style=\"color: #000000;\"> <\/span><\/p>\n<p><span style=\"color: #000000;\">Et mon Dieu pourvoira \u00e0 tous vos besoins selon sa richesse, avec gloire en J\u00e9sus-Christ. (Philippiens 4\u00a0:19)<\/span><\/p>\n<p><span style=\"color: #000000;\"> <\/span><\/p>\n<p><span style=\"color: #000000;\"> <\/span><\/p>\n<p><span style=\"color: #000000;\"><strong>J\u00e9sus revient bient\u00f4t!<\/strong><\/span><\/p>\n<p><span style=\"color: #000000;\"> <\/span><\/p>\n<p><span style=\"color: #000000;\">Ce J\u00e9sus qui \u00e9t\u00e9 enlev\u00e9 du milieu de vous, viendra de la m\u00eame mani\u00e8re que vous l\u2019avez vu allant au ciel.\u00a0 (Actes 1\u00a0:11)<\/span><\/p>\n<p><span style=\"color: #000000;\"> <\/span><\/p>\n<p><span style=\"color: #000000;\">Et, lorsque je m\u2019en serai all\u00e9, et que je vous aurai pr\u00e9par\u00e9 une place, je reviendrai, et je vous prendrai avec moi, afin que l\u00e0 o\u00f9 je suis vous y soyez aussi. (Jean 14\u00a0:3)<\/span><\/p>\n","protected":false},"excerpt":{"rendered":"<p>Qui est J\u00e9sus? J\u00e9sus a demand\u00e9 la m\u00eame question aux ap\u00f4tres! Et vous leur dit-il, qui dites-vous que je suis? Simon Pierre r\u00e9pondit\u00a0: Tu es le Christ, le Fils du Dieu vivant. (Matthieu 16\u00a0:15-16) J\u00e9sus est parfaitement Dieu! Voici, la &hellip; <a class=\"more-link\" href=\"http:\/\/eglisetroisiemejour.ca\/?page_id=210\">Continue reading <span class=\"meta-nav\">&rarr;<\/span><\/a><\/p>\n","protected":false},"author":1,"featured_media":0,"parent":0,"menu_order":3,"comment_status":"closed","ping_status":"open","template":"","meta":{"footnotes":""},"class_list":["post-210","page","type-page","status-publish","hentry"],"_links":{"self":[{"href":"http:\/\/eglisetroisiemejour.ca\/index.php?rest_route=\/wp\/v2\/pages\/210","targetHints":{"allow":["GET"]}}],"collection":[{"href":"http:\/\/eglisetroisiemejour.ca\/index.php?rest_route=\/wp\/v2\/pages"}],"about":[{"href":"http:\/\/eglisetroisiemejour.ca\/index.php?rest_route=\/wp\/v2\/types\/page"}],"author":[{"embeddable":true,"href":"http:\/\/eglisetroisiemejour.ca\/index.php?rest_route=\/wp\/v2\/users\/1"}],"replies":[{"embeddable":true,"href":"http:\/\/eglisetroisiemejour.ca\/index.php?rest_route=%2Fwp%2Fv2%2Fcomments&post=210"}],"version-history":[{"count":6,"href":"http:\/\/eglisetroisiemejour.ca\/index.php?rest_route=\/wp\/v2\/pages\/210\/revisions"}],"predecessor-version":[{"id":1109,"href":"http:\/\/eglisetroisiemejour.ca\/index.php?rest_route=\/wp\/v2\/pages\/210\/revisions\/1109"}],"wp:attachment":[{"href":"http:\/\/eglisetroisiemejour.ca\/index.php?rest_route=%2Fwp%2Fv2%2Fmedia&parent=210"}],"curies":[{"name":"wp","href":"https:\/\/api.w.org\/{rel}","templated":true}]}}