{"id":1521,"date":"2024-04-24T13:53:43","date_gmt":"2024-04-24T18:53:43","guid":{"rendered":"http:\/\/eglisetroisiemejour.ca\/?page_id=1521"},"modified":"2025-04-17T09:14:06","modified_gmt":"2025-04-17T14:14:06","slug":"2023-2","status":"publish","type":"page","link":"http:\/\/eglisetroisiemejour.ca\/?page_id=1521","title":{"rendered":"2023"},"content":{"rendered":"<p><span style=\"color: #000000;\">Pour \u00e9couter un message, cliquer sur le titre.<\/span><\/p>\n<p><span style=\"color: #000000;\">Pour t\u00e9l\u00e9charger un message faite un clique droit (right clic) et s\u00e9lectionn\u00e9 enregistrer la cible du lien sous (Save as or Save link as).<\/span><\/p>\n<table style=\"bordercolor: #000000;\" border=\"1\">\n<tbody>\n<tr>\n<td align=\"center\" width=\"300\"><strong>Titre<\/strong><\/td>\n<td align=\"center\" width=\"200\"><strong>Par<\/strong><\/td>\n<td align=\"center\" width=\"200\"><strong>Date<\/strong><\/td>\n<\/tr>\n<\/tr>\n<\/tbody>\n<\/table>\n<p><a href=\"http:\/\/eglisetroisiemejour.ca\/?page_id=24\">Messages<\/a><\/p>\n","protected":false},"excerpt":{"rendered":"<p>Pour \u00e9couter un message, cliquer sur le titre. Pour t\u00e9l\u00e9charger un message faite un clique droit (right clic) et s\u00e9lectionn\u00e9 enregistrer la cible du lien sous (Save as or Save link as). Titre Par Date Messages<\/p>\n","protected":false},"author":2,"featured_media":0,"parent":24,"menu_order":0,"comment_status":"closed","ping_status":"closed","template":"","meta":{"footnotes":""},"class_list":["post-1521","page","type-page","status-publish","hentry"],"_links":{"self":[{"href":"http:\/\/eglisetroisiemejour.ca\/index.php?rest_route=\/wp\/v2\/pages\/1521","targetHints":{"allow":["GET"]}}],"collection":[{"href":"http:\/\/eglisetroisiemejour.ca\/index.php?rest_route=\/wp\/v2\/pages"}],"about":[{"href":"http:\/\/eglisetroisiemejour.ca\/index.php?rest_route=\/wp\/v2\/types\/page"}],"author":[{"embeddable":true,"href":"http:\/\/eglisetroisiemejour.ca\/index.php?rest_route=\/wp\/v2\/users\/2"}],"replies":[{"embeddable":true,"href":"http:\/\/eglisetroisiemejour.ca\/index.php?rest_route=%2Fwp%2Fv2%2Fcomments&post=1521"}],"version-history":[{"count":8,"href":"http:\/\/eglisetroisiemejour.ca\/index.php?rest_route=\/wp\/v2\/pages\/1521\/revisions"}],"predecessor-version":[{"id":1549,"href":"http:\/\/eglisetroisiemejour.ca\/index.php?rest_route=\/wp\/v2\/pages\/1521\/revisions\/1549"}],"up":[{"embeddable":true,"href":"http:\/\/eglisetroisiemejour.ca\/index.php?rest_route=\/wp\/v2\/pages\/24"}],"wp:attachment":[{"href":"http:\/\/eglisetroisiemejour.ca\/index.php?rest_route=%2Fwp%2Fv2%2Fmedia&parent=1521"}],"curies":[{"name":"wp","href":"https:\/\/api.w.org\/{rel}","templated":true}]}}