{"id":137,"date":"2010-12-30T22:51:43","date_gmt":"2010-12-31T03:51:43","guid":{"rendered":"http:\/\/eglisetroisiemejour.ca\/?page_id=137"},"modified":"2011-01-01T19:15:13","modified_gmt":"2011-01-02T00:15:13","slug":"propheties","status":"publish","type":"page","link":"http:\/\/eglisetroisiemejour.ca\/?page_id=137","title":{"rendered":"Proph\u00e9ties"},"content":{"rendered":"<p><span style=\"color: #000000;\"><strong>Proph\u00e9tie par Harold Harding<\/strong><\/span><\/p>\n<p><span style=\"color: #000000;\">Cette maison va \u00eatre une maison de  gu\u00e9rison, pas limit\u00e9 \u00e0 la gu\u00e9rison  physique, mais qui sera utilis\u00e9e  pour enlever les liens que les gens  portent lorsqu\u2019ils donnent leur vie  \u00e0 J\u00e9sus, qu\u2019ils soient physique,  mentaux, immoraux ou \u00e9motifs\u2026 Dieu  gu\u00e9rit. Attendez-vous qu\u2019il vous  gu\u00e9risse compl\u00e8tement et attendez-vous  que les nouveaux venus soient gu\u00e9ris.<\/span><\/p>\n<p><span style=\"color: #000000;\">Je ne connais pas la Vision de  cette maison, \u2013 ceci est le r\u00f4le du  pasteur de conna\u00eetre cela- mais  cette maison est appel\u00e9e \u00e0 aller vers les  multitudes. C\u2019est une maison  qui ne doit pas regarder le p\u00e9ch\u00e9 et dire  qu\u2019il est trop grand. J\u2019ai  entendu cet apr\u00e8s-midi, lorsque j\u2019\u00e9tais avec  le seigneur, qu\u2019il ferait  de cette maison une maison de gu\u00e9rison, une  maison de d\u00e9livrance. Je  veux dire que c\u2019est une maison ou les probl\u00e8mes  des gens, que l\u2019ennemi a  mit sur eux, vont \u00eatre bris\u00e9s. Vous entendrez  la voix du seigneur  individuellement. Et le Seigneur va s\u2019attendre \u00e0 ce  que vous vous  leviez et alliez de l\u2019avant en Lui ob\u00e9issant. Vous l\u2019entendrez  vous demandez de faire des choses que vous n\u2019avez jamais fait  avant,  mais lorsque vous l\u2019entendrez, vos pens\u00e9es diront \u201cje ne peux  pas\u201d,  mais votre esprit sautera de joie. \u00c9coutez votre coeur et non  votre  t\u00eate. Dieu \u00e9tire son peuple. Il nous am\u00e8ne sur un chemin que nous   n\u2019avons jamais connus auparavant. Alors, lorsque vous entendez cette   petite voix convaincante dans votre coeur, \u00e9coutez-l\u00e0 attentivement et   ob\u00e9issez sa volont\u00e9. Le Seigneur se manifestera d\u2019une fa\u00e7on plus visible   qu\u2019auparavant. Ceci veut dire qu\u2019il se manifestera \u00e0 travers vous  d\u2019une  fa\u00e7on visible. Je ne vous ai pas appel\u00e9 dit le seigneur, pour  rester  debout sur le c\u00f4t\u00e9 du chemin, mais je vous ai appel\u00e9 pour \u00eatre  gu\u00e9rit  afin que vous reconnaissiez ma grandeur en vous, afin que vous  puissiez  aller vers le monde en \u00e9tant des instruments de gu\u00e9rison. Alors, ne  restez pas  debout sur le c\u00f4t\u00e9 du chemin, mais entrez dans le courant de  la vie de  Dieu et soyez gu\u00e9rit dans le nom de J\u00e9sus, car j\u2019\u00e9tablirai  dans cette  maison, un esprit d\u2019\u00e9vang\u00e9lisation et vous vous r\u00e9jouirez \u00e0  voir un  p\u00e9cheur accepter le Seigneur et vous serez reconnu comme un  endroit ou  habite le Seigneur. Vous serez reconnu comme un peuple qui  va vers les  non-sauv\u00e9s. Alors, levez-vous et allez dans le nom du Seigneur.<\/span><\/p>\n<p><span style=\"color: #000000;\">Pendant la louange ce soir, le  Seigneur a parl\u00e9 dans mon coeur que la  proph\u00e9tie sera plus profonde  dans cette maison. Il m\u2019a dit qu\u2019il faudra  faire attention afin que les  paroles proph\u00e9tiques soient pures, coulant  du coeur du P\u00e8re et il  s\u2019assurera qu\u2019elles se r\u00e9alisent.<\/span><\/p>\n<p><span style=\"color: #000000;\">Je ne pense pas que vous r\u00e9alisez  ou Dieu vous am\u00e8ne. Vous serez une force pour Dieu que le diable  va devoir confronter. Vous ne  pouvez pas le faire vous m\u00eame, n\u2019est-ce  pas? Mais, Il le peut!<\/span><\/p>\n<p><span style=\"color: #000000;\">Croyez dans les paroles proph\u00e9tiques. Entendez et croyez ce que Dieu vous dit.<\/span><\/p>\n<p><span style=\"color: #000000;\">Reconnaissez qu\u2019il va les r\u00e9alis\u00e9es.<\/span><\/p>\n<p><span style=\"color: #000000;\">Dieu utilisera plusieurs d&#8217;entre vous avec puissance. Lorsque la puissance de  Dieu sortira de vous, vous ne vous  sentirez pas grand et puissant, mais  vous vous sentirez petit. Vous  saurez alors que c\u2019est Dieu et non pas vous. Je  ne peux pas m\u2019\u00e9loigner du fait que  la puissance de Dieu va se  manifester dans cette congr\u00e9gation.<\/span><\/p>\n<p><span style=\"color: #000000;\">\u201cWoW !\u201d Il y aura beaucoup  d\u2019enseignements dans cette maison. Sans la  connaissance de la Parole de  Dieu, la puissance ne peut \u00eatre manifest\u00e9e.  Appliquez-vous \u00e0 la Parole.<\/span><\/p>\n<p><span style=\"color: #000000;\">Je n\u2019ai aucune id\u00e9e pourquoi je  vais dire ce que je vais dire, mais la manifestation que cette maison vivra, causera au p\u00e9ch\u00e9 d&#8217;avoir peur d&#8217;y entrer. Ce que  \u00e7a veut dire: c\u2019est que les gens qui entreront  ici seront sauv\u00e9s, mais  le p\u00e9ch\u00e9 auquel ils veulent rester accrocher ne  sera pas confortable.  Les gens resteront, mais le p\u00e9ch\u00e9 partira.<\/span><\/p>\n<p><span style=\"color: #000000;\">Dieu se manifeste pr\u00e9sentement  dans les cieux au dessus de cette  r\u00e9gion enti\u00e8re ou le p\u00e9ch\u00e9 et la puissance de la noirceur ont  domin\u00e9s. Il faut que vous sachiez que  la main de Dieu est contre ces puissances.  Ceci veut vous dire quelque chose \u00e0  vous peuple et chr\u00e9tiens de cette  r\u00e9gion: vous ne pouvez plus vous  attendre \u00e0 continuer de vivre  spirituellement au m\u00eame niveau  qu\u2019auparavant. Sachant que Dieu combat  dans les cieux, vous vous  attendrez a plus de lui. Ou avant entendiez-vous parler de J\u00e9sus.  L\u2019atmosph\u00e8re spirituelle est en train de  changer \u00e0 Ottawa et dans  l\u2019Outaouais. Dieu nous dit quoi faire. Il sait  ce qu\u2019il fait.<\/span><\/p>\n","protected":false},"excerpt":{"rendered":"<p>Proph\u00e9tie par Harold Harding Cette maison va \u00eatre une maison de gu\u00e9rison, pas limit\u00e9 \u00e0 la gu\u00e9rison physique, mais qui sera utilis\u00e9e pour enlever les liens que les gens portent lorsqu\u2019ils donnent leur vie \u00e0 J\u00e9sus, qu\u2019ils soient physique, mentaux, &hellip; <a class=\"more-link\" href=\"http:\/\/eglisetroisiemejour.ca\/?page_id=137\">Continue reading <span class=\"meta-nav\">&rarr;<\/span><\/a><\/p>\n","protected":false},"author":1,"featured_media":0,"parent":53,"menu_order":0,"comment_status":"closed","ping_status":"open","template":"","meta":{"footnotes":""},"class_list":["post-137","page","type-page","status-publish","hentry"],"_links":{"self":[{"href":"http:\/\/eglisetroisiemejour.ca\/index.php?rest_route=\/wp\/v2\/pages\/137","targetHints":{"allow":["GET"]}}],"collection":[{"href":"http:\/\/eglisetroisiemejour.ca\/index.php?rest_route=\/wp\/v2\/pages"}],"about":[{"href":"http:\/\/eglisetroisiemejour.ca\/index.php?rest_route=\/wp\/v2\/types\/page"}],"author":[{"embeddable":true,"href":"http:\/\/eglisetroisiemejour.ca\/index.php?rest_route=\/wp\/v2\/users\/1"}],"replies":[{"embeddable":true,"href":"http:\/\/eglisetroisiemejour.ca\/index.php?rest_route=%2Fwp%2Fv2%2Fcomments&post=137"}],"version-history":[{"count":6,"href":"http:\/\/eglisetroisiemejour.ca\/index.php?rest_route=\/wp\/v2\/pages\/137\/revisions"}],"predecessor-version":[{"id":168,"href":"http:\/\/eglisetroisiemejour.ca\/index.php?rest_route=\/wp\/v2\/pages\/137\/revisions\/168"}],"up":[{"embeddable":true,"href":"http:\/\/eglisetroisiemejour.ca\/index.php?rest_route=\/wp\/v2\/pages\/53"}],"wp:attachment":[{"href":"http:\/\/eglisetroisiemejour.ca\/index.php?rest_route=%2Fwp%2Fv2%2Fmedia&parent=137"}],"curies":[{"name":"wp","href":"https:\/\/api.w.org\/{rel}","templated":true}]}}